{"id":75,"date":"2020-08-02T17:18:08","date_gmt":"2020-08-02T15:18:08","guid":{"rendered":"http:\/\/fk.privacyknowledge.org\/?page_id=75"},"modified":"2021-09-20T14:24:58","modified_gmt":"2021-09-20T12:24:58","slug":"impressum","status":"publish","type":"page","link":"https:\/\/www.ownermeeting.de\/index.php\/impressum\/","title":{"rendered":"Impressum"},"content":{"rendered":"\t\t<div data-elementor-type=\"wp-page\" data-elementor-id=\"75\" class=\"elementor elementor-75\" data-elementor-settings=\"[]\">\n\t\t\t<div class=\"elementor-inner\">\n\t\t\t\t<div class=\"elementor-section-wrap\">\n\t\t\t\t\t\t\t<section class=\"elementor-element elementor-element-b05baec elementor-section-boxed elementor-section-height-default elementor-section-height-default elementor-section elementor-top-section\" data-id=\"b05baec\" data-element_type=\"section\">\n\t\t\t\t\t\t<div class=\"elementor-container elementor-column-gap-default\">\n\t\t\t\t<div class=\"elementor-row\">\n\t\t\t\t<div class=\"elementor-element elementor-element-5c6f9ec elementor-column elementor-col-100 elementor-top-column\" data-id=\"5c6f9ec\" data-element_type=\"column\">\n\t\t\t<div class=\"elementor-column-wrap  elementor-element-populated\">\n\t\t\t\t\t<div class=\"elementor-widget-wrap\">\n\t\t\t\t<div class=\"elementor-element elementor-element-c875be4 elementor-widget elementor-widget-text-editor\" data-id=\"c875be4\" data-element_type=\"widget\" data-widget_type=\"text-editor.default\">\n\t\t\t\t<div class=\"elementor-widget-container\">\n\t\t\t\t\t<div class=\"elementor-text-editor elementor-clearfix\"><p><strong style=\"font-size: inherit; text-align: inherit; letter-spacing: -0.015em;\"><span style=\"font-size: 10.0pt; font-family: 'Arial',sans-serif; color: #333333;\">Verantwortlich f\u00fcr redaktionelle Inhalte:<\/span><\/strong><\/p>\n<p style=\"font-size: 18px; text-align: center; letter-spacing: -0.27px;\">Florian K\u00f6nig<br>Gewann Eselsbrunn 1<br>76327 Pfinztal<\/p>\n<p style=\"font-size: 18px; text-align: center; letter-spacing: -0.27px;\">Email: fkoenig@ownermeeting.de<\/p>\n<p style=\"text-align: center;\"><span style=\"letter-spacing: -0.27px;\">Tel: 0163\/6363201<\/span><\/p>\n<p style=\"text-align: center;\">Umsatzsteuer-Identifikationsnummer: DE34\/402\/22530&nbsp;<\/p>\n<p style=\"margin: 0cm 0cm 7.5pt; background-image: initial; background-position: initial; background-size: initial; background-repeat: initial; background-attachment: initial; background-origin: initial; background-clip: initial;\"><strong><span style=\"font-size: 10.0pt; font-family: 'Arial',sans-serif; color: #333333;\">Haftung f\u00fcr Links<\/span><\/strong><span style=\"font-size: 10.0pt; font-family: 'Arial',sans-serif; color: #333333;\"><br>Externe Links unserer Internetseite f\u00fchren zu Inhalten fremder Anbieter. F\u00fcr<br>diese Inhalte ist allein der jeweilige Anbieter verantwortlich. Bei bekannt<br>werden von Rechtsverletzungen werden diese Links umgehend entfernt.<\/span><\/p>\n<p><\/p>\n<p style=\"margin: 0cm 0cm 0.0001pt; background-image: initial; background-position: initial; background-size: initial; background-repeat: initial; background-attachment: initial; background-origin: initial; background-clip: initial;\"><strong><span style=\"font-size: 10.0pt; font-family: 'Arial',sans-serif; color: #333333;\">Urheberrechtshinweis<\/span><\/strong><span style=\"font-size: 10.0pt; font-family: 'Arial',sans-serif; color: #333333;\"><br>Die durch uns erstellten Inhalte und Werke auf dieser Website unterliegen dem<br>deutschen Urheberrecht. Die Vervielf\u00e4ltigung, Bearbeitung, Verbreitung und jede<br>Art der Verwertung au\u00dferhalb der Grenzen des Urheberrechtes bed\u00fcrfen der<br>schriftlichen Zustimmung des jeweiligen Autors bzw. Erstellers. Soweit die<br>Inhalte auf dieser Seite nicht von uns selbst erstellt wurden, werden<br>Urheberrechte Dritter beachtet. Insbesondere werden Inhalte Dritter als solche<br>gekennzeichnet. Sollten Sie trotzdem auf eine Urheberrechtsverletzung<br>aufmerksam werden, wird um einen entsprechenden Hinweis gebeten. Bei<br>Bekanntwerden von Rechtsverletzungen werden wir derartige Inhalte umgehend<br>entfernen.<\/span><\/p>\n<p style=\"margin: 0cm 0cm 0.0001pt; background-image: initial; background-position: initial; background-size: initial; background-repeat: initial; background-attachment: initial; background-origin: initial; background-clip: initial;\"><span style=\"font-size: 10.0pt; font-family: 'Arial',sans-serif; color: #333333;\">&nbsp;<\/span><\/p>\n<p style=\"margin: 0cm 0cm 0.0001pt; background-image: initial; background-position: initial; background-size: initial; background-repeat: initial; background-attachment: initial; background-origin: initial; background-clip: initial;\"><span style=\"color: #333333; font-family: Arial, sans-serif;\"><span style=\"font-size: 13.3333px;\">Plattform der Europ\u00e4ischen Kommission zur Online-Streitbeilegung (OS) f\u00fcr Verbraucher: <a href=\"https:\/\/ec.europa.eu\/consumers\/odr\/\">https:\/\/ec.europa.eu\/consumers\/odr\/<\/a>.<\/span><\/span><\/p><p style=\"margin: 0cm 0cm 0.0001pt; background-image: initial; background-position: initial; background-size: initial; background-repeat: initial; background-attachment: initial; background-origin: initial; background-clip: initial;\"><span style=\"color: #333333; font-family: Arial, sans-serif;\"><span style=\"font-size: 13.3333px;\">&nbsp;Wir sind nicht bereit und nicht verpflichtet an einem Streitbeilegungsverfahren vor einer Verbraucherschlichtungsstelle teilzunehmen.<\/span><\/span><\/p><\/div>\n\t\t\t\t<\/div>\n\t\t\t\t<\/div>\n\t\t\t\t\t\t<\/div>\n\t\t\t<\/div>\n\t\t<\/div>\n\t\t\t\t\t\t<\/div>\n\t\t\t<\/div>\n\t\t<\/section>\n\t\t\t\t\t\t<\/div>\n\t\t\t<\/div>\n\t\t<\/div>\n\t\t","protected":false},"excerpt":{"rendered":"<p>Verantwortlich f\u00fcr redaktionelle Inhalte: Florian K\u00f6nigGewann Eselsbrunn 176327 Pfinztal Email: fkoenig@ownermeeting.de Tel: 0163\/6363201 Umsatzsteuer-Identifikationsnummer: DE34\/402\/22530&nbsp; Haftung f\u00fcr LinksExterne Links unserer Internetseite f\u00fchren zu Inhalten fremder Anbieter. F\u00fcrdiese Inhalte ist allein der jeweilige Anbieter verantwortlich. Bei bekanntwerden von Rechtsverletzungen werden diese Links umgehend entfernt. UrheberrechtshinweisDie durch uns erstellten Inhalte und Werke auf dieser Website unterliegen demdeutschen [&hellip;]<\/p>\n","protected":false},"author":1,"featured_media":0,"parent":0,"menu_order":0,"comment_status":"closed","ping_status":"closed","template":"elementor_header_footer","meta":{"footnotes":""},"class_list":["post-75","page","type-page","status-publish","hentry"],"yoast_head":"<!-- This site is optimized with the Yoast SEO plugin v23.3 - https:\/\/yoast.com\/wordpress\/plugins\/seo\/ -->\n<title>Impressum - OWNERMEETING<\/title>\n<meta name=\"description\" content=\"Erleben was Ihre Kunden Morgen von Ihnen erwarten: Mit OwnerMeeting schnell, einfach und effizient Ihre WEG-Versammlungen digitalisieren.\" \/>\n<meta name=\"robots\" content=\"noindex, follow\" \/>\n<meta property=\"og:locale\" content=\"de_DE\" \/>\n<meta property=\"og:type\" content=\"article\" \/>\n<meta property=\"og:title\" content=\"Impressum - OWNERMEETING\" \/>\n<meta property=\"og:description\" content=\"Erleben was Ihre Kunden Morgen von Ihnen erwarten: Mit OwnerMeeting schnell, einfach und effizient Ihre WEG-Versammlungen digitalisieren.\" \/>\n<meta property=\"og:url\" content=\"https:\/\/www.ownermeeting.de\/index.php\/impressum\/\" \/>\n<meta property=\"og:site_name\" content=\"OWNERMEETING\" \/>\n<meta property=\"article:modified_time\" content=\"2021-09-20T12:24:58+00:00\" \/>\n<meta name=\"twitter:card\" content=\"summary_large_image\" \/>\n<meta name=\"twitter:label1\" content=\"Gesch\u00e4tzte Lesezeit\" \/>\n\t<meta name=\"twitter:data1\" content=\"1\u00a0Minute\" \/>\n<script type=\"application\/ld+json\" class=\"yoast-schema-graph\">{\"@context\":\"https:\/\/schema.org\",\"@graph\":[{\"@type\":\"WebPage\",\"@id\":\"https:\/\/www.ownermeeting.de\/index.php\/impressum\/\",\"url\":\"https:\/\/www.ownermeeting.de\/index.php\/impressum\/\",\"name\":\"Impressum - OWNERMEETING\",\"isPartOf\":{\"@id\":\"https:\/\/www.ownermeeting.de\/#website\"},\"datePublished\":\"2020-08-02T15:18:08+00:00\",\"dateModified\":\"2021-09-20T12:24:58+00:00\",\"description\":\"Erleben was Ihre Kunden Morgen von Ihnen erwarten: Mit OwnerMeeting schnell, einfach und effizient Ihre WEG-Versammlungen digitalisieren.\",\"breadcrumb\":{\"@id\":\"https:\/\/www.ownermeeting.de\/index.php\/impressum\/#breadcrumb\"},\"inLanguage\":\"de\",\"potentialAction\":[{\"@type\":\"ReadAction\",\"target\":[\"https:\/\/www.ownermeeting.de\/index.php\/impressum\/\"]}]},{\"@type\":\"BreadcrumbList\",\"@id\":\"https:\/\/www.ownermeeting.de\/index.php\/impressum\/#breadcrumb\",\"itemListElement\":[{\"@type\":\"ListItem\",\"position\":1,\"name\":\"Startseite\",\"item\":\"https:\/\/www.ownermeeting.de\/\"},{\"@type\":\"ListItem\",\"position\":2,\"name\":\"Impressum\"}]},{\"@type\":\"WebSite\",\"@id\":\"https:\/\/www.ownermeeting.de\/#website\",\"url\":\"https:\/\/www.ownermeeting.de\/\",\"name\":\"OWNERMEETING\",\"description\":\"\",\"publisher\":{\"@id\":\"https:\/\/www.ownermeeting.de\/#organization\"},\"potentialAction\":[{\"@type\":\"SearchAction\",\"target\":{\"@type\":\"EntryPoint\",\"urlTemplate\":\"https:\/\/www.ownermeeting.de\/?s={search_term_string}\"},\"query-input\":\"required name=search_term_string\"}],\"inLanguage\":\"de\"},{\"@type\":\"Organization\",\"@id\":\"https:\/\/www.ownermeeting.de\/#organization\",\"name\":\"OwnerMeeting\",\"url\":\"https:\/\/www.ownermeeting.de\/\",\"logo\":{\"@type\":\"ImageObject\",\"inLanguage\":\"de\",\"@id\":\"https:\/\/www.ownermeeting.de\/#\/schema\/logo\/image\/\",\"url\":\"\",\"contentUrl\":\"\",\"caption\":\"OwnerMeeting\"},\"image\":{\"@id\":\"https:\/\/www.ownermeeting.de\/#\/schema\/logo\/image\/\"}}]}<\/script>\n<!-- \/ Yoast SEO plugin. -->","yoast_head_json":{"title":"Impressum - OWNERMEETING","description":"Erleben was Ihre Kunden Morgen von Ihnen erwarten: Mit OwnerMeeting schnell, einfach und effizient Ihre WEG-Versammlungen digitalisieren.","robots":{"index":"noindex","follow":"follow"},"og_locale":"de_DE","og_type":"article","og_title":"Impressum - OWNERMEETING","og_description":"Erleben was Ihre Kunden Morgen von Ihnen erwarten: Mit OwnerMeeting schnell, einfach und effizient Ihre WEG-Versammlungen digitalisieren.","og_url":"https:\/\/www.ownermeeting.de\/index.php\/impressum\/","og_site_name":"OWNERMEETING","article_modified_time":"2021-09-20T12:24:58+00:00","twitter_card":"summary_large_image","twitter_misc":{"Gesch\u00e4tzte Lesezeit":"1\u00a0Minute"},"schema":{"@context":"https:\/\/schema.org","@graph":[{"@type":"WebPage","@id":"https:\/\/www.ownermeeting.de\/index.php\/impressum\/","url":"https:\/\/www.ownermeeting.de\/index.php\/impressum\/","name":"Impressum - OWNERMEETING","isPartOf":{"@id":"https:\/\/www.ownermeeting.de\/#website"},"datePublished":"2020-08-02T15:18:08+00:00","dateModified":"2021-09-20T12:24:58+00:00","description":"Erleben was Ihre Kunden Morgen von Ihnen erwarten: Mit OwnerMeeting schnell, einfach und effizient Ihre WEG-Versammlungen digitalisieren.","breadcrumb":{"@id":"https:\/\/www.ownermeeting.de\/index.php\/impressum\/#breadcrumb"},"inLanguage":"de","potentialAction":[{"@type":"ReadAction","target":["https:\/\/www.ownermeeting.de\/index.php\/impressum\/"]}]},{"@type":"BreadcrumbList","@id":"https:\/\/www.ownermeeting.de\/index.php\/impressum\/#breadcrumb","itemListElement":[{"@type":"ListItem","position":1,"name":"Startseite","item":"https:\/\/www.ownermeeting.de\/"},{"@type":"ListItem","position":2,"name":"Impressum"}]},{"@type":"WebSite","@id":"https:\/\/www.ownermeeting.de\/#website","url":"https:\/\/www.ownermeeting.de\/","name":"OWNERMEETING","description":"","publisher":{"@id":"https:\/\/www.ownermeeting.de\/#organization"},"potentialAction":[{"@type":"SearchAction","target":{"@type":"EntryPoint","urlTemplate":"https:\/\/www.ownermeeting.de\/?s={search_term_string}"},"query-input":"required name=search_term_string"}],"inLanguage":"de"},{"@type":"Organization","@id":"https:\/\/www.ownermeeting.de\/#organization","name":"OwnerMeeting","url":"https:\/\/www.ownermeeting.de\/","logo":{"@type":"ImageObject","inLanguage":"de","@id":"https:\/\/www.ownermeeting.de\/#\/schema\/logo\/image\/","url":"","contentUrl":"","caption":"OwnerMeeting"},"image":{"@id":"https:\/\/www.ownermeeting.de\/#\/schema\/logo\/image\/"}}]}},"_links":{"self":[{"href":"https:\/\/www.ownermeeting.de\/index.php\/wp-json\/wp\/v2\/pages\/75"}],"collection":[{"href":"https:\/\/www.ownermeeting.de\/index.php\/wp-json\/wp\/v2\/pages"}],"about":[{"href":"https:\/\/www.ownermeeting.de\/index.php\/wp-json\/wp\/v2\/types\/page"}],"author":[{"embeddable":true,"href":"https:\/\/www.ownermeeting.de\/index.php\/wp-json\/wp\/v2\/users\/1"}],"replies":[{"embeddable":true,"href":"https:\/\/www.ownermeeting.de\/index.php\/wp-json\/wp\/v2\/comments?post=75"}],"version-history":[{"count":9,"href":"https:\/\/www.ownermeeting.de\/index.php\/wp-json\/wp\/v2\/pages\/75\/revisions"}],"predecessor-version":[{"id":371,"href":"https:\/\/www.ownermeeting.de\/index.php\/wp-json\/wp\/v2\/pages\/75\/revisions\/371"}],"wp:attachment":[{"href":"https:\/\/www.ownermeeting.de\/index.php\/wp-json\/wp\/v2\/media?parent=75"}],"curies":[{"name":"wp","href":"https:\/\/api.w.org\/{rel}","templated":true}]}}